{"id":52,"date":"2020-07-22T17:22:24","date_gmt":"2020-07-22T17:22:24","guid":{"rendered":"http:\/\/localhost\/?page_id=52"},"modified":"2021-06-23T13:45:41","modified_gmt":"2021-06-23T11:45:41","slug":"katalog","status":"publish","type":"page","link":"https:\/\/livingthecity.eu\/en\/katalog\/","title":{"rendered":"Catalog"},"content":{"rendered":"\n<div class=\"is-layout-flow wp-block-group no-sticky\"><div class=\"wp-block-group__inner-container\">\n<div class=\"is-layout-flow wp-block-group\"><div class=\"wp-block-group__inner-container\"><\/div><\/div>\n\n\n\n<div class=\"is-layout-flow wp-block-group book-block\"><div class=\"wp-block-group__inner-container\">\n<div class=\"boockup-container\">\n    <div class=\"boockup\">\n      <div class=\"book-container\">\n        <div class=\"book-front\"><\/div>\n        <div class=\"book-side-left\"><\/div>\n        <div class=\"book-side-right\"><\/div>\n        <div class=\"book-top\"><\/div>\n        <div class=\"book-bottom\"><\/div>\n        <div class=\"book-back\"><\/div>\n      <\/div>\n    <\/div>\n  <\/div>\n\n\n\n<div class=\"is-layout-flow wp-block-group\"><div class=\"wp-block-group__inner-container\">\n<p>The exhi\u00adbi\u00adtion catalog<\/p>\n<\/div><\/div>\n\n\n\n<p><\/p>\n<\/div><\/div>\n\n\n\n<div class=\"is-layout-flex wp-container-6 wp-block-columns\">\n<div class=\"is-layout-flow wp-block-column\">\n<p>The pub\u00adli\u00adca\u00adtion in ger\u00adman and eng\u00adlish lan\u00adguage tells more than fifty sto\u00adries from over sev\u00aden\u00adty par\u00adtic\u00adi\u00adpants from with\u00adin Europe (and beyond). It gath\u00aders accounts from architecture,art, and urban plan\u00adning that address ques\u00adtions around the mak\u00ading of cities. They relate the urban as a lived space while also intro\u00adduc\u00ading the pos\u00adsi\u00adbil\u00adi\u00adties afford\u00aded\u00adby inte\u00adgrat\u00aded urban devel\u00adop\u00adment. As part of the Nation\u00adal Urban Devel\u00adop\u00adment Pol\u00adi\u00adcy, the pub\u00adli\u00adca\u00adtion pub\u00adlished by <a href=\"https:\/\/spectorbooks.com\/\" target=\"_blank\" rel=\"noreferrer noopener\">Spec\u00adtor Books<\/a> seeks to sug\u00adgest ways in which the city could be recon\u00adceived and renegotiated.<\/p>\n<\/div>\n\n\n\n<div class=\"is-layout-flow wp-block-column\">\n<p>340 pp., Full col\u00ador, Ota-bind<\/p>\n\n\n\n<p>19.5 x 28.5 cm, Leipzig, Sep\u00adtem\u00adber&nbsp;2020<\/p>\n\n\n\n<p>ISBN&nbsp;978\u20133\u201395905\u2013417\u20131 \/&nbsp;978\u20133\u201395905\u2013408\u20139<\/p>\n\n\n\n<p>Lan\u00adguage: Eng\u00adlish, German<\/p>\n\n\n\n<p>Texts: Lukas Feireiss, Tat\u00adjana Schnei\u00adder, TheGreenEyl<\/p>\n\n\n\n<p>Design\u00ader: Lamm &amp;&nbsp;Kirch<\/p>\n\n\n\n<p>With works by Assem\u00adble, ate\u00adlier\u00admob, Ila B\u00eaka &amp; Louise Lemoine, Civic Archi\u00adtects, Crim\u00adson His\u00adto\u00adri\u00adans and Urban\u00adists, Eutropi\u00adan, Laris\u00adsa Fassler, Jeppe Hein, Thomas Hirschhorn, Laca\u00adton &amp; Vas\u00adsal, No Shade, Olalekan Jey\u00adi\u00adfous, Ahmet \u00d6\u011f\u00fct, Plan\u00adbude, raum\u00adlabor\u00adber\u00adlin, Rotor DC, The Black Archives, White Arkitek\u00adter, Zones Urbaines Sen\u00adsi\u00adbles and many&nbsp;more.&nbsp;<\/p>\n<\/div>\n<\/div>\n<\/div><\/div>\n","protected":false},"excerpt":{"rendered":"<p>The exhi\u00adbi\u00adtion cat\u00ada\u00adlog The pub\u00adli\u00adca\u00adtion in ger\u00adman and eng\u00adlish lan\u00adguage tells more than fifty sto\u00adries from over sev\u00aden\u00adty par\u00adtic\u00adi\u00adpants from with\u00adin Europe (and beyond). It gath\u00aders accounts from architecture,art, and&nbsp;[\u2026]<\/p>\n","protected":false},"author":2,"featured_media":4253,"parent":0,"menu_order":0,"comment_status":"closed","ping_status":"closed","template":"page-nosticky.php","meta":{"wp_typography_post_enhancements_disabled":false,"_EventAllDay":false,"_EventTimezone":"","_EventStartDate":"","_EventEndDate":"","_EventStartDateUTC":"","_EventEndDateUTC":"","_EventShowMap":false,"_EventShowMapLink":false,"_EventURL":"","_EventCost":"","_EventCostDescription":"","_EventCurrencySymbol":"","_EventCurrencyCode":"","_EventCurrencyPosition":"","_EventDateTimeSeparator":"","_EventTimeRangeSeparator":"","_EventOrganizerID":[],"_EventVenueID":0,"_OrganizerEmail":"","_OrganizerPhone":"","_OrganizerWebsite":"","_VenueAddress":"","_VenueCity":"","_VenueCountry":"","_VenueProvince":"","_VenueZip":"","_VenuePhone":"","_VenueURL":"","_VenueStateProvince":"","_VenueLat":"","_VenueLng":""},"yoast_head":"<!-- This site is optimized with the Yoast SEO plugin v19.9 - https:\/\/yoast.com\/wordpress\/plugins\/seo\/ -->\n<title>Catalog - Living the City<\/title>\n<meta name=\"robots\" content=\"index, follow, max-snippet:-1, max-image-preview:large, max-video-preview:-1\" \/>\n<link rel=\"canonical\" href=\"https:\/\/livingthecity.eu\/katalog\/\" \/>\n<meta property=\"og:locale\" content=\"en_US\" \/>\n<meta property=\"og:type\" content=\"article\" \/>\n<meta property=\"og:title\" content=\"Catalog\" \/>\n<meta property=\"og:description\" content=\"The exhi\u00adbi\u00adtion catalog The pub\u00adli\u00adca\u00adtion in ger\u00adman and eng\u00adlish lan\u00adguage tells more than fifty sto\u00adries from over sev\u00aden\u00adty par\u00adtic\u00adi\u00adpants from with\u00adin Europe (and beyond). It gath\u00aders accounts from architecture,art, and [&hellip;]\" \/>\n<meta property=\"og:url\" content=\"https:\/\/livingthecity.eu\/katalog\/\" \/>\n<meta property=\"og:site_name\" content=\"Living the City\" \/>\n<meta property=\"article:publisher\" content=\"https:\/\/www.facebook.com\/livingthecity.eu\" \/>\n<meta property=\"article:modified_time\" content=\"2021-06-23T11:45:41+00:00\" \/>\n<meta property=\"og:image\" content=\"https:\/\/livingthecity.eu\/wp-content\/uploads\/2021\/05\/210518_Social-Media-2.jpeg\" \/>\n\t<meta property=\"og:image:width\" content=\"1280\" \/>\n\t<meta property=\"og:image:height\" content=\"880\" \/>\n\t<meta property=\"og:image:type\" content=\"image\/jpeg\" \/>\n<meta name=\"twitter:card\" content=\"summary_large_image\" \/>\n<meta name=\"twitter:image\" content=\"https:\/\/livingthecity.eu\/wp-content\/uploads\/2021\/05\/210518_Social-Media-2.jpeg\" \/>\n<meta name=\"twitter:label1\" content=\"Est. reading time\" \/>\n\t<meta name=\"twitter:data1\" content=\"1 minute\" \/>\n<script type=\"application\/ld+json\" class=\"yoast-schema-graph\">{\"@context\":\"https:\/\/schema.org\",\"@graph\":[{\"@type\":\"WebPage\",\"@id\":\"https:\/\/livingthecity.eu\/katalog\/\",\"url\":\"https:\/\/livingthecity.eu\/katalog\/\",\"name\":\"[:de]Katalog[:en]Catalog[:] - Living the City\",\"isPartOf\":{\"@id\":\"https:\/\/livingthecity.eu\/#website\"},\"datePublished\":\"2020-07-22T17:22:24+00:00\",\"dateModified\":\"2021-06-23T11:45:41+00:00\",\"breadcrumb\":{\"@id\":\"https:\/\/livingthecity.eu\/katalog\/#breadcrumb\"},\"inLanguage\":\"en-US\",\"potentialAction\":[{\"@type\":\"ReadAction\",\"target\":[\"https:\/\/livingthecity.eu\/katalog\/\"]}]},{\"@type\":\"BreadcrumbList\",\"@id\":\"https:\/\/livingthecity.eu\/katalog\/#breadcrumb\",\"itemListElement\":[{\"@type\":\"ListItem\",\"position\":1,\"name\":\"Startseite\",\"item\":\"https:\/\/livingthecity.eu\/\"},{\"@type\":\"ListItem\",\"position\":2,\"name\":\"Katalog\"}]},{\"@type\":\"WebSite\",\"@id\":\"https:\/\/livingthecity.eu\/#website\",\"url\":\"https:\/\/livingthecity.eu\/\",\"name\":\"Living the City\",\"description\":\"Von St\u00e4dten, Menschen und Geschichten\",\"publisher\":{\"@id\":\"https:\/\/livingthecity.eu\/#organization\"},\"potentialAction\":[{\"@type\":\"SearchAction\",\"target\":{\"@type\":\"EntryPoint\",\"urlTemplate\":\"https:\/\/livingthecity.eu\/?s={search_term_string}\"},\"query-input\":\"required name=search_term_string\"}],\"inLanguage\":\"en-US\"},{\"@type\":\"Organization\",\"@id\":\"https:\/\/livingthecity.eu\/#organization\",\"name\":\"Living the City\",\"url\":\"https:\/\/livingthecity.eu\/\",\"logo\":{\"@type\":\"ImageObject\",\"inLanguage\":\"en-US\",\"@id\":\"https:\/\/livingthecity.eu\/#\/schema\/logo\/image\/\",\"url\":\"https:\/\/livingthecity.eu\/wp-content\/uploads\/2021\/05\/210525_Social-Media_.png\",\"contentUrl\":\"https:\/\/livingthecity.eu\/wp-content\/uploads\/2021\/05\/210525_Social-Media_.png\",\"width\":1570,\"height\":1081,\"caption\":\"Living the City\"},\"image\":{\"@id\":\"https:\/\/livingthecity.eu\/#\/schema\/logo\/image\/\"},\"sameAs\":[\"https:\/\/www.instagram.com\/livingthecity.eu\/\",\"https:\/\/www.facebook.com\/livingthecity.eu\"]}]}<\/script>\n<!-- \/ Yoast SEO plugin. -->","yoast_head_json":{"title":"Catalog - Living the City","robots":{"index":"index","follow":"follow","max-snippet":"max-snippet:-1","max-image-preview":"max-image-preview:large","max-video-preview":"max-video-preview:-1"},"canonical":"https:\/\/livingthecity.eu\/katalog\/","og_locale":"en_US","og_type":"article","og_title":"[:de]Katalog[:en]Catalog[:] - Living the City","og_description":"The exhi\u00adbi\u00adtion catalog The pub\u00adli\u00adca\u00adtion in ger\u00adman and eng\u00adlish lan\u00adguage tells more than fifty sto\u00adries from over sev\u00aden\u00adty par\u00adtic\u00adi\u00adpants from with\u00adin Europe (and beyond). It gath\u00aders accounts from architecture,art, and [&hellip;]","og_url":"https:\/\/livingthecity.eu\/katalog\/","og_site_name":"Living the City","article_publisher":"https:\/\/www.facebook.com\/livingthecity.eu","article_modified_time":"2021-06-23T11:45:41+00:00","og_image":[{"width":1280,"height":880,"url":"https:\/\/livingthecity.eu\/wp-content\/uploads\/2021\/05\/210518_Social-Media-2.jpeg","type":"image\/jpeg"}],"twitter_card":"summary_large_image","twitter_image":"https:\/\/livingthecity.eu\/wp-content\/uploads\/2021\/05\/210518_Social-Media-2.jpeg","twitter_misc":{"Est. reading time":"1 minute"},"schema":{"@context":"https:\/\/schema.org","@graph":[{"@type":"WebPage","@id":"https:\/\/livingthecity.eu\/katalog\/","url":"https:\/\/livingthecity.eu\/katalog\/","name":"[:de]Katalog[:en]Catalog[:] - Living the City","isPartOf":{"@id":"https:\/\/livingthecity.eu\/#website"},"datePublished":"2020-07-22T17:22:24+00:00","dateModified":"2021-06-23T11:45:41+00:00","breadcrumb":{"@id":"https:\/\/livingthecity.eu\/katalog\/#breadcrumb"},"inLanguage":"en-US","potentialAction":[{"@type":"ReadAction","target":["https:\/\/livingthecity.eu\/katalog\/"]}]},{"@type":"BreadcrumbList","@id":"https:\/\/livingthecity.eu\/katalog\/#breadcrumb","itemListElement":[{"@type":"ListItem","position":1,"name":"Startseite","item":"https:\/\/livingthecity.eu\/"},{"@type":"ListItem","position":2,"name":"Katalog"}]},{"@type":"WebSite","@id":"https:\/\/livingthecity.eu\/#website","url":"https:\/\/livingthecity.eu\/","name":"Living the City","description":"Von St\u00e4dten, Menschen und Geschichten","publisher":{"@id":"https:\/\/livingthecity.eu\/#organization"},"potentialAction":[{"@type":"SearchAction","target":{"@type":"EntryPoint","urlTemplate":"https:\/\/livingthecity.eu\/?s={search_term_string}"},"query-input":"required name=search_term_string"}],"inLanguage":"en-US"},{"@type":"Organization","@id":"https:\/\/livingthecity.eu\/#organization","name":"Living the City","url":"https:\/\/livingthecity.eu\/","logo":{"@type":"ImageObject","inLanguage":"en-US","@id":"https:\/\/livingthecity.eu\/#\/schema\/logo\/image\/","url":"https:\/\/livingthecity.eu\/wp-content\/uploads\/2021\/05\/210525_Social-Media_.png","contentUrl":"https:\/\/livingthecity.eu\/wp-content\/uploads\/2021\/05\/210525_Social-Media_.png","width":1570,"height":1081,"caption":"Living the City"},"image":{"@id":"https:\/\/livingthecity.eu\/#\/schema\/logo\/image\/"},"sameAs":["https:\/\/www.instagram.com\/livingthecity.eu\/","https:\/\/www.facebook.com\/livingthecity.eu"]}]}},"_links":{"self":[{"href":"https:\/\/livingthecity.eu\/en\/wp-json\/wp\/v2\/pages\/52"}],"collection":[{"href":"https:\/\/livingthecity.eu\/en\/wp-json\/wp\/v2\/pages"}],"about":[{"href":"https:\/\/livingthecity.eu\/en\/wp-json\/wp\/v2\/types\/page"}],"author":[{"embeddable":true,"href":"https:\/\/livingthecity.eu\/en\/wp-json\/wp\/v2\/users\/2"}],"replies":[{"embeddable":true,"href":"https:\/\/livingthecity.eu\/en\/wp-json\/wp\/v2\/comments?post=52"}],"version-history":[{"count":10,"href":"https:\/\/livingthecity.eu\/en\/wp-json\/wp\/v2\/pages\/52\/revisions"}],"predecessor-version":[{"id":4345,"href":"https:\/\/livingthecity.eu\/en\/wp-json\/wp\/v2\/pages\/52\/revisions\/4345"}],"wp:featuredmedia":[{"embeddable":true,"href":"https:\/\/livingthecity.eu\/en\/wp-json\/wp\/v2\/media\/4253"}],"wp:attachment":[{"href":"https:\/\/livingthecity.eu\/en\/wp-json\/wp\/v2\/media?parent=52"}],"curies":[{"name":"wp","href":"https:\/\/api.w.org\/{rel}","templated":true}]}}