{"id":94,"date":"2020-08-11T18:21:30","date_gmt":"2020-08-11T18:21:30","guid":{"rendered":"http:\/\/localhost\/?page_id=94"},"modified":"2021-05-28T15:26:38","modified_gmt":"2021-05-28T13:26:38","slug":"programm","status":"publish","type":"page","link":"https:\/\/livingthecity.eu\/en\/programm\/","title":{"rendered":"Program"},"content":{"rendered":"","protected":false},"excerpt":{"rendered":"","protected":false},"author":2,"featured_media":4253,"parent":0,"menu_order":0,"comment_status":"closed","ping_status":"closed","template":"page-programme.php","meta":{"wp_typography_post_enhancements_disabled":false,"_EventAllDay":false,"_EventTimezone":"","_EventStartDate":"","_EventEndDate":"","_EventStartDateUTC":"","_EventEndDateUTC":"","_EventShowMap":false,"_EventShowMapLink":false,"_EventURL":"","_EventCost":"","_EventCostDescription":"","_EventCurrencySymbol":"","_EventCurrencyCode":"","_EventCurrencyPosition":"","_EventDateTimeSeparator":"","_EventTimeRangeSeparator":"","_EventOrganizerID":[],"_EventVenueID":0,"_OrganizerEmail":"","_OrganizerPhone":"","_OrganizerWebsite":"","_VenueAddress":"","_VenueCity":"","_VenueCountry":"","_VenueProvince":"","_VenueZip":"","_VenuePhone":"","_VenueURL":"","_VenueStateProvince":"","_VenueLat":"","_VenueLng":""},"yoast_head":"<!-- This site is optimized with the Yoast SEO plugin v19.9 - https:\/\/yoast.com\/wordpress\/plugins\/seo\/ -->\n<title>Programm | Living the City<\/title>\n<meta name=\"description\" content=\"F\u00fcr drei Monate verwandelt sich der ehemalige Flughafen in einen Schauplatz st\u00e4dtischen Lebens. In einer begehbaren Stadtcollage begegnen Besucherinnen und Besucher dort zahlreichen Geschichten von Menschen und Projekten, die sich aktiv f\u00fcr Stadt und Stadtgesellschaft einsetzen. Ein vielseitiges Veranstaltungs- und Bildungsprogramm l\u00e4dt dar\u00fcber hinaus alle zur aktiven Teilnahme ein.\" \/>\n<meta name=\"robots\" content=\"index, follow, max-snippet:-1, max-image-preview:large, max-video-preview:-1\" \/>\n<link rel=\"canonical\" href=\"https:\/\/livingthecity.eu\/programm\/\" \/>\n<meta property=\"og:locale\" content=\"en_US\" \/>\n<meta property=\"og:type\" content=\"article\" \/>\n<meta property=\"og:title\" content=\"Programm | Living the City\" \/>\n<meta property=\"og:description\" content=\"F\u00fcr drei Monate verwandelt sich der ehemalige Flughafen in einen Schauplatz st\u00e4dtischen Lebens. In einer begehbaren Stadtcollage begegnen Besucherinnen und Besucher dort zahlreichen Geschichten von Menschen und Projekten, die sich aktiv f\u00fcr Stadt und Stadtgesellschaft einsetzen. Ein vielseitiges Veranstaltungs- und Bildungsprogramm l\u00e4dt dar\u00fcber hinaus alle zur aktiven Teilnahme ein.\" \/>\n<meta property=\"og:url\" content=\"https:\/\/livingthecity.eu\/programm\/\" \/>\n<meta property=\"og:site_name\" content=\"Living the City\" \/>\n<meta property=\"article:publisher\" content=\"https:\/\/www.facebook.com\/livingthecity.eu\" \/>\n<meta property=\"article:modified_time\" content=\"2021-05-28T13:26:38+00:00\" \/>\n<meta property=\"og:image\" content=\"https:\/\/livingthecity.eu\/wp-content\/uploads\/2021\/05\/210518_Social-Media-2.jpeg\" \/>\n\t<meta property=\"og:image:width\" content=\"1280\" \/>\n\t<meta property=\"og:image:height\" content=\"880\" \/>\n\t<meta property=\"og:image:type\" content=\"image\/jpeg\" \/>\n<meta name=\"twitter:card\" content=\"summary_large_image\" \/>\n<meta name=\"twitter:image\" content=\"https:\/\/livingthecity.eu\/wp-content\/uploads\/2021\/05\/210518_Social-Media-2.jpeg\" \/>\n<script type=\"application\/ld+json\" class=\"yoast-schema-graph\">{\"@context\":\"https:\/\/schema.org\",\"@graph\":[{\"@type\":\"WebPage\",\"@id\":\"https:\/\/livingthecity.eu\/programm\/\",\"url\":\"https:\/\/livingthecity.eu\/programm\/\",\"name\":\"Programm | Living the City\",\"isPartOf\":{\"@id\":\"https:\/\/livingthecity.eu\/#website\"},\"datePublished\":\"2020-08-11T18:21:30+00:00\",\"dateModified\":\"2021-05-28T13:26:38+00:00\",\"description\":\"F\u00fcr drei Monate verwandelt sich der ehemalige Flughafen in einen Schauplatz st\u00e4dtischen Lebens. In einer begehbaren Stadtcollage begegnen Besucherinnen und Besucher dort zahlreichen Geschichten von Menschen und Projekten, die sich aktiv f\u00fcr Stadt und Stadtgesellschaft einsetzen. Ein vielseitiges Veranstaltungs- und Bildungsprogramm l\u00e4dt dar\u00fcber hinaus alle zur aktiven Teilnahme ein.\",\"breadcrumb\":{\"@id\":\"https:\/\/livingthecity.eu\/programm\/#breadcrumb\"},\"inLanguage\":\"en-US\",\"potentialAction\":[{\"@type\":\"ReadAction\",\"target\":[\"https:\/\/livingthecity.eu\/programm\/\"]}]},{\"@type\":\"BreadcrumbList\",\"@id\":\"https:\/\/livingthecity.eu\/programm\/#breadcrumb\",\"itemListElement\":[{\"@type\":\"ListItem\",\"position\":1,\"name\":\"Startseite\",\"item\":\"https:\/\/livingthecity.eu\/\"},{\"@type\":\"ListItem\",\"position\":2,\"name\":\"Programm\"}]},{\"@type\":\"WebSite\",\"@id\":\"https:\/\/livingthecity.eu\/#website\",\"url\":\"https:\/\/livingthecity.eu\/\",\"name\":\"Living the City\",\"description\":\"Von St\u00e4dten, Menschen und Geschichten\",\"publisher\":{\"@id\":\"https:\/\/livingthecity.eu\/#organization\"},\"potentialAction\":[{\"@type\":\"SearchAction\",\"target\":{\"@type\":\"EntryPoint\",\"urlTemplate\":\"https:\/\/livingthecity.eu\/?s={search_term_string}\"},\"query-input\":\"required name=search_term_string\"}],\"inLanguage\":\"en-US\"},{\"@type\":\"Organization\",\"@id\":\"https:\/\/livingthecity.eu\/#organization\",\"name\":\"Living the City\",\"url\":\"https:\/\/livingthecity.eu\/\",\"logo\":{\"@type\":\"ImageObject\",\"inLanguage\":\"en-US\",\"@id\":\"https:\/\/livingthecity.eu\/#\/schema\/logo\/image\/\",\"url\":\"https:\/\/livingthecity.eu\/wp-content\/uploads\/2021\/05\/210525_Social-Media_.png\",\"contentUrl\":\"https:\/\/livingthecity.eu\/wp-content\/uploads\/2021\/05\/210525_Social-Media_.png\",\"width\":1570,\"height\":1081,\"caption\":\"Living the City\"},\"image\":{\"@id\":\"https:\/\/livingthecity.eu\/#\/schema\/logo\/image\/\"},\"sameAs\":[\"https:\/\/www.instagram.com\/livingthecity.eu\/\",\"https:\/\/www.facebook.com\/livingthecity.eu\"]}]}<\/script>\n<!-- \/ Yoast SEO plugin. -->","yoast_head_json":{"title":"Programm | Living the City","description":"F\u00fcr drei Monate verwandelt sich der ehemalige Flughafen in einen Schauplatz st\u00e4dtischen Lebens. In einer begehbaren Stadtcollage begegnen Besucherinnen und Besucher dort zahlreichen Geschichten von Menschen und Projekten, die sich aktiv f\u00fcr Stadt und Stadtgesellschaft einsetzen. Ein vielseitiges Veranstaltungs- und Bildungsprogramm l\u00e4dt dar\u00fcber hinaus alle zur aktiven Teilnahme ein.","robots":{"index":"index","follow":"follow","max-snippet":"max-snippet:-1","max-image-preview":"max-image-preview:large","max-video-preview":"max-video-preview:-1"},"canonical":"https:\/\/livingthecity.eu\/programm\/","og_locale":"en_US","og_type":"article","og_title":"Programm | Living the City","og_description":"F\u00fcr drei Monate verwandelt sich der ehemalige Flughafen in einen Schauplatz st\u00e4dtischen Lebens. In einer begehbaren Stadtcollage begegnen Besucherinnen und Besucher dort zahlreichen Geschichten von Menschen und Projekten, die sich aktiv f\u00fcr Stadt und Stadtgesellschaft einsetzen. Ein vielseitiges Veranstaltungs- und Bildungsprogramm l\u00e4dt dar\u00fcber hinaus alle zur aktiven Teilnahme ein.","og_url":"https:\/\/livingthecity.eu\/programm\/","og_site_name":"Living the City","article_publisher":"https:\/\/www.facebook.com\/livingthecity.eu","article_modified_time":"2021-05-28T13:26:38+00:00","og_image":[{"width":1280,"height":880,"url":"https:\/\/livingthecity.eu\/wp-content\/uploads\/2021\/05\/210518_Social-Media-2.jpeg","type":"image\/jpeg"}],"twitter_card":"summary_large_image","twitter_image":"https:\/\/livingthecity.eu\/wp-content\/uploads\/2021\/05\/210518_Social-Media-2.jpeg","schema":{"@context":"https:\/\/schema.org","@graph":[{"@type":"WebPage","@id":"https:\/\/livingthecity.eu\/programm\/","url":"https:\/\/livingthecity.eu\/programm\/","name":"Programm | Living the City","isPartOf":{"@id":"https:\/\/livingthecity.eu\/#website"},"datePublished":"2020-08-11T18:21:30+00:00","dateModified":"2021-05-28T13:26:38+00:00","description":"F\u00fcr drei Monate verwandelt sich der ehemalige Flughafen in einen Schauplatz st\u00e4dtischen Lebens. In einer begehbaren Stadtcollage begegnen Besucherinnen und Besucher dort zahlreichen Geschichten von Menschen und Projekten, die sich aktiv f\u00fcr Stadt und Stadtgesellschaft einsetzen. Ein vielseitiges Veranstaltungs- und Bildungsprogramm l\u00e4dt dar\u00fcber hinaus alle zur aktiven Teilnahme ein.","breadcrumb":{"@id":"https:\/\/livingthecity.eu\/programm\/#breadcrumb"},"inLanguage":"en-US","potentialAction":[{"@type":"ReadAction","target":["https:\/\/livingthecity.eu\/programm\/"]}]},{"@type":"BreadcrumbList","@id":"https:\/\/livingthecity.eu\/programm\/#breadcrumb","itemListElement":[{"@type":"ListItem","position":1,"name":"Startseite","item":"https:\/\/livingthecity.eu\/"},{"@type":"ListItem","position":2,"name":"Programm"}]},{"@type":"WebSite","@id":"https:\/\/livingthecity.eu\/#website","url":"https:\/\/livingthecity.eu\/","name":"Living the City","description":"Von St\u00e4dten, Menschen und Geschichten","publisher":{"@id":"https:\/\/livingthecity.eu\/#organization"},"potentialAction":[{"@type":"SearchAction","target":{"@type":"EntryPoint","urlTemplate":"https:\/\/livingthecity.eu\/?s={search_term_string}"},"query-input":"required name=search_term_string"}],"inLanguage":"en-US"},{"@type":"Organization","@id":"https:\/\/livingthecity.eu\/#organization","name":"Living the City","url":"https:\/\/livingthecity.eu\/","logo":{"@type":"ImageObject","inLanguage":"en-US","@id":"https:\/\/livingthecity.eu\/#\/schema\/logo\/image\/","url":"https:\/\/livingthecity.eu\/wp-content\/uploads\/2021\/05\/210525_Social-Media_.png","contentUrl":"https:\/\/livingthecity.eu\/wp-content\/uploads\/2021\/05\/210525_Social-Media_.png","width":1570,"height":1081,"caption":"Living the City"},"image":{"@id":"https:\/\/livingthecity.eu\/#\/schema\/logo\/image\/"},"sameAs":["https:\/\/www.instagram.com\/livingthecity.eu\/","https:\/\/www.facebook.com\/livingthecity.eu"]}]}},"_links":{"self":[{"href":"https:\/\/livingthecity.eu\/en\/wp-json\/wp\/v2\/pages\/94"}],"collection":[{"href":"https:\/\/livingthecity.eu\/en\/wp-json\/wp\/v2\/pages"}],"about":[{"href":"https:\/\/livingthecity.eu\/en\/wp-json\/wp\/v2\/types\/page"}],"author":[{"embeddable":true,"href":"https:\/\/livingthecity.eu\/en\/wp-json\/wp\/v2\/users\/2"}],"replies":[{"embeddable":true,"href":"https:\/\/livingthecity.eu\/en\/wp-json\/wp\/v2\/comments?post=94"}],"version-history":[{"count":7,"href":"https:\/\/livingthecity.eu\/en\/wp-json\/wp\/v2\/pages\/94\/revisions"}],"predecessor-version":[{"id":4042,"href":"https:\/\/livingthecity.eu\/en\/wp-json\/wp\/v2\/pages\/94\/revisions\/4042"}],"wp:featuredmedia":[{"embeddable":true,"href":"https:\/\/livingthecity.eu\/en\/wp-json\/wp\/v2\/media\/4253"}],"wp:attachment":[{"href":"https:\/\/livingthecity.eu\/en\/wp-json\/wp\/v2\/media?parent=94"}],"curies":[{"name":"wp","href":"https:\/\/api.w.org\/{rel}","templated":true}]}}